{"id":6954,"date":"2024-03-21T12:00:46","date_gmt":"2024-03-21T11:00:46","guid":{"rendered":"https:\/\/www.milanroyalsuites.com\/nuestros-servicios\/"},"modified":"2024-07-16T16:03:13","modified_gmt":"2024-07-16T14:03:13","slug":"nuestros-servicios","status":"publish","type":"page","link":"https:\/\/www.milanroyalsuites.com\/es\/nuestros-servicios\/","title":{"rendered":"Nuestros servicios"},"content":{"rendered":"\t\t<div data-elementor-type=\"wp-page\" data-elementor-id=\"6954\" class=\"elementor elementor-6954 elementor-2286\" data-elementor-post-type=\"page\">\n\t\t\t\t<div class=\"elementor-element elementor-element-8ec4e21 e-con-full e-flex e-con e-parent\" data-id=\"8ec4e21\" data-element_type=\"container\" data-e-type=\"container\">\n\t\t<div class=\"elementor-element elementor-element-5afb91f e-con-full e-flex e-con e-child\" data-id=\"5afb91f\" data-element_type=\"container\" data-e-type=\"container\">\n\t\t<div class=\"elementor-element elementor-element-363327c e-con-full e-flex e-con e-child\" data-id=\"363327c\" data-element_type=\"container\" data-e-type=\"container\">\n\t\t<div class=\"elementor-element elementor-element-1877dce e-con-full e-flex e-con e-child\" data-id=\"1877dce\" data-element_type=\"container\" data-e-type=\"container\">\n\t\t\t\t<div data-dce-title-color=\"#272727\" class=\"elementor-element elementor-element-8ae4b74 elementor-widget elementor-widget-heading\" data-id=\"8ae4b74\" data-element_type=\"widget\" data-e-type=\"widget\" data-widget_type=\"heading.default\">\n\t\t\t\t<div class=\"elementor-widget-container\">\n\t\t\t\t\t<h2 class=\"elementor-heading-title elementor-size-default\">Nuestros servicios<\/h2>\t\t\t\t<\/div>\n\t\t\t\t<\/div>\n\t\t\t\t<\/div>\n\t\t\t\t<\/div>\n\t\t<div class=\"elementor-element elementor-element-19be811 e-con-full e-flex e-con e-child\" data-id=\"19be811\" data-element_type=\"container\" data-e-type=\"container\">\n\t\t<div class=\"elementor-element elementor-element-bfef2a5 e-flex e-con-boxed e-con e-child\" data-id=\"bfef2a5\" data-element_type=\"container\" data-e-type=\"container\">\n\t\t\t\t\t<div class=\"e-con-inner\">\n\t\t\t\t<div class=\"elementor-element elementor-element-4f3bc8d elementor-widget elementor-widget-shortcode\" data-id=\"4f3bc8d\" data-element_type=\"widget\" data-e-type=\"widget\" data-widget_type=\"shortcode.default\">\n\t\t\t\t<div class=\"elementor-widget-container\">\n\t\t\t\t\t        <div class=\"grid-servizi grid-tiles\">\n                    <div class=\"services2 bn-vc-hover-box mb-60 p-10\">\n                <div class=\"services2-img position-re position-re-order-service o-hidden\">\n                    <div class=\"cd-pt-ab\">\n                        <img decoding=\"async\" src=\"https:\/\/www.milanroyalsuites.com\/wp-content\/uploads\/2024\/03\/bestdeal.jpg\" alt=\"\" class=\"w-100\">\n                    <\/div>\n                <\/div>\n                <div class=\"services2-content\">\n                    <div class=\"icon\">\n                        <img decoding=\"async\" src=\"https:\/\/www.milanroyalsuites.com\/wp-content\/uploads\/2024\/10\/tariffamigliore@0.5x.png\" alt=\"\"> \n            \n                    <\/div>\n                    <h3 class=\"services2-title m-10 pb-10\">Mejor tarifa<\/h3>\n                    <div class=\"services2-text\">\n                        <p>Reservar directamente en nuestro sitio web siempre sale a cuenta. Descubra las ventajas de contar con asistencia especializada. <\/p>\n                    <\/div>\n                <\/div>\n                <div class=\"title-box\">\n                    <h3 class=\"mb-0 bu-box-title\">Mejor tarifa<\/h3>\n                <\/div>\n            <\/div>\n                    <div class=\"services2 bn-vc-hover-box mb-60 p-10\">\n                <div class=\"services2-img position-re position-re-order-service o-hidden\">\n                    <div class=\"cd-pt-ab\">\n                        <img decoding=\"async\" src=\"https:\/\/www.milanroyalsuites.com\/wp-content\/uploads\/2024\/03\/AdobeStock_356566009.png\" alt=\"\" class=\"w-100\">\n                    <\/div>\n                <\/div>\n                <div class=\"services2-content\">\n                    <div class=\"icon\">\n                        <img decoding=\"async\" src=\"https:\/\/www.milanroyalsuites.com\/wp-content\/uploads\/2024\/03\/noun-towels-3929291.png\" alt=\"\"> \n            \n                    <\/div>\n                    <h3 class=\"services2-title m-10 pb-10\">Cambio de ropa<\/h3>\n                    <div class=\"services2-text\">\n                        <p>Nuestros pisos est\u00e1n equipados con todas las comodidades, la ropa de cama y las toallas est\u00e1n sujetas a limpieza certificada y son de alta calidad, as\u00ed como un completo set de cortes\u00eda con productos Lanvin. El servicio de limpieza y el cambio de s\u00e1banas est\u00e1n disponibles bajo petici\u00f3n. <\/p>\n                    <\/div>\n                <\/div>\n                <div class=\"title-box\">\n                    <h3 class=\"mb-0 bu-box-title\">Cambio de ropa<\/h3>\n                <\/div>\n            <\/div>\n                    <div class=\"services2 bn-vc-hover-box mb-60 p-10\">\n                <div class=\"services2-img position-re position-re-order-service o-hidden\">\n                    <div class=\"cd-pt-ab\">\n                        <img decoding=\"async\" src=\"https:\/\/www.milanroyalsuites.com\/wp-content\/uploads\/2024\/03\/AdobeStock_261216577.png\" alt=\"\" class=\"w-100\">\n                    <\/div>\n                <\/div>\n                <div class=\"services2-content\">\n                    <div class=\"icon\">\n                        <img decoding=\"async\" src=\"https:\/\/www.milanroyalsuites.com\/wp-content\/uploads\/2024\/03\/noun-luggage-1934311.png\" alt=\"\"> \n            \n                    <\/div>\n                    <h3 class=\"services2-title m-10 pb-10\">Guarda equipajes<\/h3>\n                    <div class=\"services2-text\">\n                        <p>Disfrute de su estancia sin pensar en el equipaje. Utilice nuestro servicio gratuito de consigna de equipaje en la Piazza della Repubblica (disponible los 7 d\u00edas de la semana de 9.00 a 22.00). <\/p>\n                    <\/div>\n                <\/div>\n                <div class=\"title-box\">\n                    <h3 class=\"mb-0 bu-box-title\">Guarda equipajes<\/h3>\n                <\/div>\n            <\/div>\n                    <div class=\"services2 bn-vc-hover-box mb-60 p-10\">\n                <div class=\"services2-img position-re position-re-order-service o-hidden\">\n                    <div class=\"cd-pt-ab\">\n                        <img decoding=\"async\" src=\"https:\/\/www.milanroyalsuites.com\/wp-content\/uploads\/2024\/03\/AdobeStock_254768070.png\" alt=\"\" class=\"w-100\">\n                    <\/div>\n                <\/div>\n                <div class=\"services2-content\">\n                    <div class=\"icon\">\n                        <img decoding=\"async\" src=\"https:\/\/www.milanroyalsuites.com\/wp-content\/uploads\/2024\/03\/noun-crib-179291.png\" alt=\"\"> \n            \n                    <\/div>\n                    <h3 class=\"services2-title m-10 pb-10\">Cuna gratis<\/h3>\n                    <div class=\"services2-text\">\n                        <p>Cuna gratuita en el piso bajo petici\u00f3n.<\/p>\n                    <\/div>\n                <\/div>\n                <div class=\"title-box\">\n                    <h3 class=\"mb-0 bu-box-title\">Cuna gratis<\/h3>\n                <\/div>\n            <\/div>\n                    <div class=\"services2 bn-vc-hover-box mb-60 p-10\">\n                <div class=\"services2-img position-re position-re-order-service o-hidden\">\n                    <div class=\"cd-pt-ab\">\n                        <img decoding=\"async\" src=\"https:\/\/www.milanroyalsuites.com\/wp-content\/uploads\/2024\/03\/Raggruppa-122.jpg\" alt=\"\" class=\"w-100\">\n                    <\/div>\n                <\/div>\n                <div class=\"services2-content\">\n                    <div class=\"icon\">\n                        <img decoding=\"async\" src=\"https:\/\/www.milanroyalsuites.com\/wp-content\/uploads\/2024\/03\/car.png\" alt=\"\"> \n            \n                    <\/div>\n                    <h3 class=\"services2-title m-10 pb-10\">Traslados al aeropuerto<\/h3>\n                    <div class=\"services2-text\">\n                        <p>Posibilidad de reservar un servicio de traslado con conductores contratados.<\/p>\n                    <\/div>\n                <\/div>\n                <div class=\"title-box\">\n                    <h3 class=\"mb-0 bu-box-title\">Traslados al aeropuerto<\/h3>\n                <\/div>\n            <\/div>\n                    <div class=\"services2 bn-vc-hover-box mb-60 p-10\">\n                <div class=\"services2-img position-re position-re-order-service o-hidden\">\n                    <div class=\"cd-pt-ab\">\n                        <img decoding=\"async\" src=\"https:\/\/www.milanroyalsuites.com\/wp-content\/uploads\/2024\/10\/pexels-mart-production-7709252-copia.jpg\" alt=\"\" class=\"w-100\">\n                    <\/div>\n                <\/div>\n                <div class=\"services2-content\">\n                    <div class=\"icon\">\n                        <img decoding=\"async\" src=\"https:\/\/www.milanroyalsuites.com\/wp-content\/uploads\/2024\/10\/assistenza@0.5x.png\" alt=\"\"> \n            \n                    <\/div>\n                    <h3 class=\"services2-title m-10 pb-10\">Asistencia<\/h3>\n                    <div class=\"services2-text\">\n                        <p>Nuestra recepci\u00f3n se encuentra en Mil\u00e1n, en la Piazza della Repubblica, 12. Puede ponerse en contacto con nosotros en el n\u00famero +39 3895288766 o a trav\u00e9s de WHATSAPP. Nuestro personal est\u00e1 a su disposici\u00f3n para sugerirle los mejores restaurantes, discotecas y atracciones de visita obligada, as\u00ed como para ayudarle a comprar entradas para exposiciones y visitas.  <\/p>\n                    <\/div>\n                <\/div>\n                <div class=\"title-box\">\n                    <h3 class=\"mb-0 bu-box-title\">Asistencia<\/h3>\n                <\/div>\n            <\/div>\n                <\/div>\n    \t\t<div class=\"elementor-shortcode\"><\/div>\n\t\t\t\t\t\t<\/div>\n\t\t\t\t<\/div>\n\t\t\t\t\t<\/div>\n\t\t\t\t<\/div>\n\t\t\t\t<\/div>\n\t\t\t\t<\/div>\n\t\t\t\t<\/div>\n\t\t\t\t<\/div>\n\t\t","protected":false},"excerpt":{"rendered":"","protected":false},"author":2,"featured_media":0,"parent":0,"menu_order":0,"comment_status":"closed","ping_status":"closed","template":"elementor_header_footer","meta":{"_acf_changed":false,"footnotes":"","_links_to":"","_links_to_target":""},"class_list":["post-6954","page","type-page","status-publish","hentry"],"acf":[],"aioseo_notices":[],"_links":{"self":[{"href":"https:\/\/www.milanroyalsuites.com\/es\/wp-json\/wp\/v2\/pages\/6954","targetHints":{"allow":["GET"]}}],"collection":[{"href":"https:\/\/www.milanroyalsuites.com\/es\/wp-json\/wp\/v2\/pages"}],"about":[{"href":"https:\/\/www.milanroyalsuites.com\/es\/wp-json\/wp\/v2\/types\/page"}],"author":[{"embeddable":true,"href":"https:\/\/www.milanroyalsuites.com\/es\/wp-json\/wp\/v2\/users\/2"}],"replies":[{"embeddable":true,"href":"https:\/\/www.milanroyalsuites.com\/es\/wp-json\/wp\/v2\/comments?post=6954"}],"version-history":[{"count":1,"href":"https:\/\/www.milanroyalsuites.com\/es\/wp-json\/wp\/v2\/pages\/6954\/revisions"}],"predecessor-version":[{"id":6955,"href":"https:\/\/www.milanroyalsuites.com\/es\/wp-json\/wp\/v2\/pages\/6954\/revisions\/6955"}],"wp:attachment":[{"href":"https:\/\/www.milanroyalsuites.com\/es\/wp-json\/wp\/v2\/media?parent=6954"}],"curies":[{"name":"wp","href":"https:\/\/api.w.org\/{rel}","templated":true}]}}