{"id":5203,"date":"2024-03-21T12:00:46","date_gmt":"2024-03-21T11:00:46","guid":{"rendered":"https:\/\/www.milanroyalsuites.com\/nos-services\/"},"modified":"2024-06-27T12:05:10","modified_gmt":"2024-06-27T10:05:10","slug":"nos-services","status":"publish","type":"page","link":"https:\/\/www.milanroyalsuites.com\/fr\/nos-services\/","title":{"rendered":"Nos services"},"content":{"rendered":"\t\t<div data-elementor-type=\"wp-page\" data-elementor-id=\"5203\" class=\"elementor elementor-5203 elementor-2286\" data-elementor-post-type=\"page\">\n\t\t\t\t<div class=\"elementor-element elementor-element-8ec4e21 e-con-full e-flex e-con e-parent\" data-id=\"8ec4e21\" data-element_type=\"container\" data-e-type=\"container\">\n\t\t<div class=\"elementor-element elementor-element-5afb91f e-con-full e-flex e-con e-child\" data-id=\"5afb91f\" data-element_type=\"container\" data-e-type=\"container\">\n\t\t<div class=\"elementor-element elementor-element-363327c e-con-full e-flex e-con e-child\" data-id=\"363327c\" data-element_type=\"container\" data-e-type=\"container\">\n\t\t<div class=\"elementor-element elementor-element-1877dce e-con-full e-flex e-con e-child\" data-id=\"1877dce\" data-element_type=\"container\" data-e-type=\"container\">\n\t\t\t\t<div data-dce-title-color=\"#272727\" class=\"elementor-element elementor-element-8ae4b74 elementor-widget elementor-widget-heading\" data-id=\"8ae4b74\" data-element_type=\"widget\" data-e-type=\"widget\" data-widget_type=\"heading.default\">\n\t\t\t\t<div class=\"elementor-widget-container\">\n\t\t\t\t\t<h2 class=\"elementor-heading-title elementor-size-default\">Nos services<\/h2>\t\t\t\t<\/div>\n\t\t\t\t<\/div>\n\t\t\t\t<\/div>\n\t\t\t\t<\/div>\n\t\t<div class=\"elementor-element elementor-element-19be811 e-con-full e-flex e-con e-child\" data-id=\"19be811\" data-element_type=\"container\" data-e-type=\"container\">\n\t\t<div class=\"elementor-element elementor-element-bfef2a5 e-flex e-con-boxed e-con e-child\" data-id=\"bfef2a5\" data-element_type=\"container\" data-e-type=\"container\">\n\t\t\t\t\t<div class=\"e-con-inner\">\n\t\t\t\t<div class=\"elementor-element elementor-element-4f3bc8d elementor-widget elementor-widget-shortcode\" data-id=\"4f3bc8d\" data-element_type=\"widget\" data-e-type=\"widget\" data-widget_type=\"shortcode.default\">\n\t\t\t\t<div class=\"elementor-widget-container\">\n\t\t\t\t\t        <div class=\"grid-servizi grid-tiles\">\n                    <div class=\"services2 bn-vc-hover-box mb-60 p-10\">\n                <div class=\"services2-img position-re position-re-order-service o-hidden\">\n                    <div class=\"cd-pt-ab\">\n                        <img decoding=\"async\" src=\"https:\/\/www.milanroyalsuites.com\/wp-content\/uploads\/2024\/03\/bestdeal.jpg\" alt=\"\" class=\"w-100\">\n                    <\/div>\n                <\/div>\n                <div class=\"services2-content\">\n                    <div class=\"icon\">\n                        <img decoding=\"async\" src=\"https:\/\/www.milanroyalsuites.com\/wp-content\/uploads\/2024\/10\/tariffamigliore@0.5x.png\" alt=\"\"> \n            \n                    <\/div>\n                    <h3 class=\"services2-title m-10 pb-10\">Meilleur Tarif<\/h3>\n                    <div class=\"services2-text\">\n                        <p>R\u00e9server directement sur notre site web est toujours payant ! D\u00e9couvrez les avantages d'une assistance d\u00e9di\u00e9e. <\/p>\n                    <\/div>\n                <\/div>\n                <div class=\"title-box\">\n                    <h3 class=\"mb-0 bu-box-title\">Meilleur Tarif<\/h3>\n                <\/div>\n            <\/div>\n                    <div class=\"services2 bn-vc-hover-box mb-60 p-10\">\n                <div class=\"services2-img position-re position-re-order-service o-hidden\">\n                    <div class=\"cd-pt-ab\">\n                        <img decoding=\"async\" src=\"https:\/\/www.milanroyalsuites.com\/wp-content\/uploads\/2024\/03\/AdobeStock_356566009.png\" alt=\"\" class=\"w-100\">\n                    <\/div>\n                <\/div>\n                <div class=\"services2-content\">\n                    <div class=\"icon\">\n                        <img decoding=\"async\" src=\"https:\/\/www.milanroyalsuites.com\/wp-content\/uploads\/2024\/03\/noun-towels-3929291.png\" alt=\"\"> \n            \n                    <\/div>\n                    <h3 class=\"services2-title m-10 pb-10\">Changement de linge<\/h3>\n                    <div class=\"services2-text\">\n                        <p>Nos appartements sont \u00e9quip\u00e9s de tout le confort, les draps et les serviettes sont soumis \u00e0 un nettoyage certifi\u00e9 et sont de haute qualit\u00e9, ainsi qu'un set de courtoisie complet avec des produits Lanvin. Le service de nettoyage et le changement de linge sont disponibles sur demande. <\/p>\n                    <\/div>\n                <\/div>\n                <div class=\"title-box\">\n                    <h3 class=\"mb-0 bu-box-title\">Changement de linge<\/h3>\n                <\/div>\n            <\/div>\n                    <div class=\"services2 bn-vc-hover-box mb-60 p-10\">\n                <div class=\"services2-img position-re position-re-order-service o-hidden\">\n                    <div class=\"cd-pt-ab\">\n                        <img decoding=\"async\" src=\"https:\/\/www.milanroyalsuites.com\/wp-content\/uploads\/2024\/03\/AdobeStock_261216577.png\" alt=\"\" class=\"w-100\">\n                    <\/div>\n                <\/div>\n                <div class=\"services2-content\">\n                    <div class=\"icon\">\n                        <img decoding=\"async\" src=\"https:\/\/www.milanroyalsuites.com\/wp-content\/uploads\/2024\/03\/noun-luggage-1934311.png\" alt=\"\"> \n            \n                    <\/div>\n                    <h3 class=\"services2-title m-10 pb-10\">Stockage des bagages<\/h3>\n                    <div class=\"services2-text\">\n                        <p>Profitez de votre s\u00e9jour sans vous soucier de vos bagages ! Utilisez notre service gratuit de stockage de bagages sur la Piazza della Repubblica (disponible 7 jours sur 7 de 9 heures \u00e0 22 heures). <\/p>\n                    <\/div>\n                <\/div>\n                <div class=\"title-box\">\n                    <h3 class=\"mb-0 bu-box-title\">Stockage des bagages<\/h3>\n                <\/div>\n            <\/div>\n                    <div class=\"services2 bn-vc-hover-box mb-60 p-10\">\n                <div class=\"services2-img position-re position-re-order-service o-hidden\">\n                    <div class=\"cd-pt-ab\">\n                        <img decoding=\"async\" src=\"https:\/\/www.milanroyalsuites.com\/wp-content\/uploads\/2024\/03\/AdobeStock_254768070.png\" alt=\"\" class=\"w-100\">\n                    <\/div>\n                <\/div>\n                <div class=\"services2-content\">\n                    <div class=\"icon\">\n                        <img decoding=\"async\" src=\"https:\/\/www.milanroyalsuites.com\/wp-content\/uploads\/2024\/03\/noun-crib-179291.png\" alt=\"\"> \n            \n                    <\/div>\n                    <h3 class=\"services2-title m-10 pb-10\">Lit b\u00e9b\u00e9 gratuit<\/h3>\n                    <div class=\"services2-text\">\n                        <p>Lit d'enfant gratuit dans l'appartement sur demande.<\/p>\n                    <\/div>\n                <\/div>\n                <div class=\"title-box\">\n                    <h3 class=\"mb-0 bu-box-title\">Lit b\u00e9b\u00e9 gratuit<\/h3>\n                <\/div>\n            <\/div>\n                    <div class=\"services2 bn-vc-hover-box mb-60 p-10\">\n                <div class=\"services2-img position-re position-re-order-service o-hidden\">\n                    <div class=\"cd-pt-ab\">\n                        <img decoding=\"async\" src=\"https:\/\/www.milanroyalsuites.com\/wp-content\/uploads\/2024\/03\/Raggruppa-122.jpg\" alt=\"\" class=\"w-100\">\n                    <\/div>\n                <\/div>\n                <div class=\"services2-content\">\n                    <div class=\"icon\">\n                        <img decoding=\"async\" src=\"https:\/\/www.milanroyalsuites.com\/wp-content\/uploads\/2024\/03\/car.png\" alt=\"\"> \n            \n                    <\/div>\n                    <h3 class=\"services2-title m-10 pb-10\">Transferts depuis l&#8217;a\u00e9roport<\/h3>\n                    <div class=\"services2-text\">\n                        <p>Possibilit\u00e9 de r\u00e9server un service de transfert avec des chauffeurs sous contrat.<\/p>\n                    <\/div>\n                <\/div>\n                <div class=\"title-box\">\n                    <h3 class=\"mb-0 bu-box-title\">Transferts depuis l&#8217;a\u00e9roport<\/h3>\n                <\/div>\n            <\/div>\n                    <div class=\"services2 bn-vc-hover-box mb-60 p-10\">\n                <div class=\"services2-img position-re position-re-order-service o-hidden\">\n                    <div class=\"cd-pt-ab\">\n                        <img decoding=\"async\" src=\"https:\/\/www.milanroyalsuites.com\/wp-content\/uploads\/2024\/10\/pexels-mart-production-7709252-copia.jpg\" alt=\"\" class=\"w-100\">\n                    <\/div>\n                <\/div>\n                <div class=\"services2-content\">\n                    <div class=\"icon\">\n                        <img decoding=\"async\" src=\"https:\/\/www.milanroyalsuites.com\/wp-content\/uploads\/2024\/10\/assistenza@0.5x.png\" alt=\"\"> \n            \n                    <\/div>\n                    <h3 class=\"services2-title m-10 pb-10\">Assistance<\/h3>\n                    <div class=\"services2-text\">\n                        <p>Notre r\u00e9ception est situ\u00e9e \u00e0 Milan, Piazza della Repubblica, 12. Vous pouvez nous contacter au +39 3895288766 ou en utilisant WHATSAPP ! Notre personnel est pr\u00eat \u00e0 vous sugg\u00e9rer les meilleurs restaurants, clubs et attractions \u00e0 ne pas manquer, et \u00e0 vous aider \u00e0 acheter des billets pour des expositions et des visites.  <\/p>\n                    <\/div>\n                <\/div>\n                <div class=\"title-box\">\n                    <h3 class=\"mb-0 bu-box-title\">Assistance<\/h3>\n                <\/div>\n            <\/div>\n                <\/div>\n    \t\t<div class=\"elementor-shortcode\"><\/div>\n\t\t\t\t\t\t<\/div>\n\t\t\t\t<\/div>\n\t\t\t\t\t<\/div>\n\t\t\t\t<\/div>\n\t\t\t\t<\/div>\n\t\t\t\t<\/div>\n\t\t\t\t<\/div>\n\t\t\t\t<\/div>\n\t\t","protected":false},"excerpt":{"rendered":"","protected":false},"author":2,"featured_media":0,"parent":0,"menu_order":0,"comment_status":"closed","ping_status":"closed","template":"elementor_header_footer","meta":{"_acf_changed":false,"footnotes":"","_links_to":"","_links_to_target":""},"class_list":["post-5203","page","type-page","status-publish","hentry"],"acf":[],"aioseo_notices":[],"_links":{"self":[{"href":"https:\/\/www.milanroyalsuites.com\/fr\/wp-json\/wp\/v2\/pages\/5203","targetHints":{"allow":["GET"]}}],"collection":[{"href":"https:\/\/www.milanroyalsuites.com\/fr\/wp-json\/wp\/v2\/pages"}],"about":[{"href":"https:\/\/www.milanroyalsuites.com\/fr\/wp-json\/wp\/v2\/types\/page"}],"author":[{"embeddable":true,"href":"https:\/\/www.milanroyalsuites.com\/fr\/wp-json\/wp\/v2\/users\/2"}],"replies":[{"embeddable":true,"href":"https:\/\/www.milanroyalsuites.com\/fr\/wp-json\/wp\/v2\/comments?post=5203"}],"version-history":[{"count":1,"href":"https:\/\/www.milanroyalsuites.com\/fr\/wp-json\/wp\/v2\/pages\/5203\/revisions"}],"predecessor-version":[{"id":5204,"href":"https:\/\/www.milanroyalsuites.com\/fr\/wp-json\/wp\/v2\/pages\/5203\/revisions\/5204"}],"wp:attachment":[{"href":"https:\/\/www.milanroyalsuites.com\/fr\/wp-json\/wp\/v2\/media?parent=5203"}],"curies":[{"name":"wp","href":"https:\/\/api.w.org\/{rel}","templated":true}]}}