{"id":5214,"date":"2024-03-25T09:59:00","date_gmt":"2024-03-25T08:59:00","guid":{"rendered":"https:\/\/www.milanroyalsuites.com\/contact\/"},"modified":"2024-10-21T19:30:54","modified_gmt":"2024-10-21T17:30:54","slug":"contact","status":"publish","type":"page","link":"https:\/\/www.milanroyalsuites.com\/fr\/contact\/","title":{"rendered":"Contact"},"content":{"rendered":"\t\t<div data-elementor-type=\"wp-page\" data-elementor-id=\"5214\" class=\"elementor elementor-5214 elementor-2523\" data-elementor-post-type=\"page\">\n\t\t\t\t<div data-dce-background-color=\"#FFFFFF\" class=\"elementor-element elementor-element-f2192c1 e-con-full e-flex e-con e-parent\" data-id=\"f2192c1\" data-element_type=\"container\" data-e-type=\"container\" data-settings=\"{&quot;background_background&quot;:&quot;classic&quot;}\">\n\t\t<div class=\"elementor-element elementor-element-6261271 e-flex e-con-boxed e-con e-child\" data-id=\"6261271\" data-element_type=\"container\" data-e-type=\"container\">\n\t\t\t\t\t<div class=\"e-con-inner\">\n\t\t<div class=\"elementor-element elementor-element-9e71601 e-con-full e-flex e-con e-child\" data-id=\"9e71601\" data-element_type=\"container\" data-e-type=\"container\">\n\t\t\t\t<div data-dce-title-color=\"#272727\" class=\"elementor-element elementor-element-b506fe9 elementor-widget elementor-widget-heading\" data-id=\"b506fe9\" data-element_type=\"widget\" data-e-type=\"widget\" data-widget_type=\"heading.default\">\n\t\t\t\t<div class=\"elementor-widget-container\">\n\t\t\t\t\t<h2 class=\"elementor-heading-title elementor-size-default\">Contact<\/h2>\t\t\t\t<\/div>\n\t\t\t\t<\/div>\n\t\t\t\t<\/div>\n\t\t\t\t\t<\/div>\n\t\t\t\t<\/div>\n\t\t\t\t<\/div>\n\t\t<div data-dce-background-color=\"#FFFFFF\" class=\"elementor-element elementor-element-7cf9a97 e-con-full contact-row e-flex e-con e-parent\" data-id=\"7cf9a97\" data-element_type=\"container\" data-e-type=\"container\" data-settings=\"{&quot;background_background&quot;:&quot;classic&quot;}\">\n\t\t<div class=\"elementor-element elementor-element-11e5aef e-con-full e-flex e-con e-child\" data-id=\"11e5aef\" data-element_type=\"container\" data-e-type=\"container\">\n\t\t<div class=\"elementor-element elementor-element-19c6a4e e-flex e-con-boxed e-con e-child\" data-id=\"19c6a4e\" data-element_type=\"container\" data-e-type=\"container\">\n\t\t\t\t\t<div class=\"e-con-inner\">\n\t\t<div class=\"elementor-element elementor-element-a4a33f5 e-flex e-con-boxed e-con e-child\" data-id=\"a4a33f5\" data-element_type=\"container\" data-e-type=\"container\">\n\t\t\t\t\t<div class=\"e-con-inner\">\n\t\t\t\t<div class=\"elementor-element elementor-element-e9528ca elementor-widget elementor-widget-theme-site-logo elementor-widget-image\" data-id=\"e9528ca\" data-element_type=\"widget\" data-e-type=\"widget\" data-widget_type=\"theme-site-logo.default\">\n\t\t\t\t<div class=\"elementor-widget-container\">\n\t\t\t\t\t\t\t\t\t\t\t<a href=\"https:\/\/www.milanroyalsuites.com\/fr\/\">\n\t\t\t<img decoding=\"async\" src=\"https:\/\/www.milanroyalsuites.com\/wp-content\/plugins\/elementor-pro\/assets\/images\/logo-placeholder.png\" title=\"\" alt=\"\" loading=\"lazy\" \/>\t\t\t\t<\/a>\n\t\t\t\t\t\t\t\t\t\t\t<\/div>\n\t\t\t\t<\/div>\n\t\t\t\t<div data-dce-text-color=\"#272727\" class=\"elementor-element elementor-element-0b0c308 elementor-widget elementor-widget-text-editor\" data-id=\"0b0c308\" data-element_type=\"widget\" data-e-type=\"widget\" data-widget_type=\"text-editor.default\">\n\t\t\t\t<div class=\"elementor-widget-container\">\n\t\t\t\t\t\t\t\t\t<p>Milan Royal Suites<\/p><p>Piazza della Repubblica, 12<\/p><p>20124 Milan<\/p><p>T\u00e9l. <a href=\"tel:+392002203%2002%\">+39 02 39669431<\/a><\/p><p>Mobile <a href=\"tel:+392038920%20389%\">+39 389 5288766<\/a><a href=\"mailto:info.pec@milanroyalsuites.com\">info@milanroyalsuites.com<\/a><\/p>\t\t\t\t\t\t\t\t<\/div>\n\t\t\t\t<\/div>\n\t\t\t\t\t<\/div>\n\t\t\t\t<\/div>\n\t\t<div class=\"elementor-element elementor-element-761e652 e-flex e-con-boxed e-con e-child\" data-id=\"761e652\" data-element_type=\"container\" data-e-type=\"container\">\n\t\t\t\t\t<div class=\"e-con-inner\">\n\t\t\t\t<div data-dce-text-color=\"#272727\" class=\"elementor-element elementor-element-4120667 elementor-widget elementor-widget-text-editor\" data-id=\"4120667\" data-element_type=\"widget\" data-e-type=\"widget\" data-widget_type=\"text-editor.default\">\n\t\t\t\t<div class=\"elementor-widget-container\">\n\t\t\t\t\t\t\t\t\t<p>Si vous ne trouvez pas votre suite dans la p\u00e9riode souhait\u00e9e, n&#8217;h\u00e9sitez pas \u00e0 nous contacter, nous sommes certains de pouvoir r\u00e9pondre \u00e0 vos souhaits.<\/p>\n\t\t\t\t\t\t\t\t<\/div>\n\t\t\t\t<\/div>\n\t\t\t\t\t<\/div>\n\t\t\t\t<\/div>\n\t\t<div class=\"elementor-element elementor-element-7fc1c69 e-flex e-con-boxed e-con e-child\" data-id=\"7fc1c69\" data-element_type=\"container\" data-e-type=\"container\" data-settings=\"{&quot;animation&quot;:&quot;none&quot;}\">\n\t\t\t\t\t<div class=\"e-con-inner\">\n\t\t\t\t<div data-dce-title-color=\"#272727\" class=\"elementor-element elementor-element-c1dfb5f elementor-widget elementor-widget-bauen-form\" data-id=\"c1dfb5f\" data-element_type=\"widget\" data-e-type=\"widget\" data-settings=\"{&quot;_animation&quot;:&quot;none&quot;}\" data-widget_type=\"bauen-form.default\">\n\t\t\t\t<div class=\"elementor-widget-container\">\n\t\t\t\t\t\t\t<div  class=\"sec-contact-form\">\n        \t\t\t<p><b>CONTACT FORM<\/b><\/p> \n\t\t\t\n\t\t\t<div  class=\"vc_template\">\n\t\t\t   \n<div class=\"wpcf7 no-js\" id=\"wpcf7-f5330-o1\" lang=\"fr-FR\" dir=\"ltr\" data-wpcf7-id=\"5330\">\n<div class=\"screen-reader-response\"><p role=\"status\" aria-live=\"polite\" aria-atomic=\"true\"><\/p> <ul><\/ul><\/div>\n<form action=\"\/fr\/wp-json\/wp\/v2\/pages\/5214#wpcf7-f5330-o1\" method=\"post\" class=\"wpcf7-form init\" aria-label=\"Formulaire de contact\" novalidate=\"novalidate\" data-status=\"init\">\n<fieldset class=\"hidden-fields-container\"><input type=\"hidden\" name=\"_wpcf7\" value=\"5330\" \/><input type=\"hidden\" name=\"_wpcf7_version\" value=\"6.1.5\" \/><input type=\"hidden\" name=\"_wpcf7_locale\" value=\"fr_FR\" \/><input type=\"hidden\" name=\"_wpcf7_unit_tag\" value=\"wpcf7-f5330-o1\" \/><input type=\"hidden\" name=\"_wpcf7_container_post\" value=\"0\" \/><input type=\"hidden\" name=\"_wpcf7_posted_data_hash\" value=\"\" \/><input type=\"hidden\" name=\"_wpcf7_recaptcha_response\" value=\"\" \/>\n<\/fieldset>\n<p><span class=\"wpcf7-form-control-wrap\" data-name=\"your-name\"><input size=\"40\" maxlength=\"400\" class=\"wpcf7-form-control wpcf7-text wpcf7-validates-as-required\" aria-required=\"true\" aria-invalid=\"false\" placeholder=\"\" value=\"\" type=\"text\" name=\"your-name\" \/><\/span><span class=\"wpcf7-form-control-wrap\" data-name=\"your-email\"><input size=\"40\" maxlength=\"400\" class=\"wpcf7-form-control wpcf7-email wpcf7-validates-as-required wpcf7-text wpcf7-validates-as-email\" aria-required=\"true\" aria-invalid=\"false\" placeholder=\"\" value=\"\" type=\"email\" name=\"your-email\" \/><\/span> PR\u00c9NOM* NOM*<span class=\"wpcf7-form-control-wrap\" data-name=\"your-message\"><textarea cols=\"40\" rows=\"6\" maxlength=\"2000\" class=\"wpcf7-form-control wpcf7-textarea\" aria-invalid=\"false\" placeholder=\"MESSAGE\" name=\"your-message\"><\/textarea><\/span>\n<\/p>\n<p style=\"font-size:0.8em; font-weight:500;\"><span class=\"wpcf7-form-control-wrap\" data-name=\"acceptance-247\"><span class=\"wpcf7-form-control wpcf7-acceptance\"><span class=\"wpcf7-list-item\"><input type=\"checkbox\" name=\"acceptance-247\" value=\"1\" aria-invalid=\"false\" \/><\/span><\/span><\/span> Spett.Le Sofi & C. S.r.l., ayant lu attentivement la politique de confidentialit\u00e9, et ayant compris les caract\u00e9ristiques du traitement des donn\u00e9es personnelles \u00e0 mettre en place pour donner suite \u00e0 ma demande d'\u00eatre contact\u00e9 et de recevoir une offre sur les services commerciaux de Sofi & C. S.r.l, je vous donne mon consentement libre, sp\u00e9cifique, inform\u00e9 et sans \u00e9quivoque au traitement de ces donn\u00e9es personnelles pour les finalit\u00e9s indiqu\u00e9es dans la note d'information susmentionn\u00e9e, c'est-\u00e0-dire pour donner suite \u00e0 ma demande d'\u00eatre contact\u00e9 et de recevoir une offre sur les services commerciaux de Sofi & C. S.r.l. et pour recevoir vos e-mails d'information.\n<\/p>\n[cf7-hcaptcha]\n<div class=\"wpcf7-form-control has-spinner wpcf7-submit\"><button class=\"butn-dark mt-15\"><a ><span>Envoyer ><\/span><\/a><\/button><\/div>\n<\/p><div class=\"wpcf7-response-output\" aria-hidden=\"true\"><\/div>\n<\/form>\n<\/div>\n\t\t\t<\/div>\t\n\t\t<\/div>\t\n\t\t\n        \t\t\t\t<\/div>\n\t\t\t\t<\/div>\n\t\t\t\t\t<\/div>\n\t\t\t\t<\/div>\n\t\t\t\t\t<\/div>\n\t\t\t\t<\/div>\n\t\t\t\t<\/div>\n\t\t\t\t<\/div>\n\t\t<div class=\"elementor-element elementor-element-aeaf563 e-con-full e-flex e-con e-parent\" data-id=\"aeaf563\" data-element_type=\"container\" data-e-type=\"container\">\n\t\t\t\t<div class=\"elementor-element elementor-element-d1e79ac elementor-widget elementor-widget-google_maps\" data-id=\"d1e79ac\" data-element_type=\"widget\" data-e-type=\"widget\" data-widget_type=\"google_maps.default\">\n\t\t\t\t<div class=\"elementor-widget-container\">\n\t\t\t\t\t\t\t<div class=\"elementor-custom-embed\">\n\t\t\t<iframe loading=\"lazy\"\n\t\t\t\t\tsrc=\"https:\/\/www.google.com\/maps\/embed\/v1\/place?key=AIzaSyCmoEw0W93IBvAVL0bRnTAC60crgt6o9ps&#038;q=Piazza%20della%20Repubblica%2C%2012%2020124%20Milan&#038;zoom=13\"\n\t\t\t\t\ttitle=\"Piazza della Repubblica, 12 20124 Milan\"\n\t\t\t\t\taria-label=\"Piazza della Repubblica, 12 20124 Milan\"\n\t\t\t><\/iframe>\n\t\t<\/div>\n\t\t\t\t\t\t<\/div>\n\t\t\t\t<\/div>\n\t\t\t\t<\/div>\n\t\t<div data-dce-background-color=\"#FFFFFF\" class=\"elementor-element elementor-element-02a4f61 e-con-full e-flex e-con e-parent\" data-id=\"02a4f61\" data-element_type=\"container\" data-e-type=\"container\" data-settings=\"{&quot;background_background&quot;:&quot;classic&quot;}\">\n\t\t<div class=\"elementor-element elementor-element-29d587c e-con-full e-flex e-con e-child\" data-id=\"29d587c\" data-element_type=\"container\" data-e-type=\"container\">\n\t\t<div class=\"elementor-element elementor-element-e1555f9 e-flex e-con-boxed e-con e-child\" data-id=\"e1555f9\" data-element_type=\"container\" data-e-type=\"container\">\n\t\t\t\t\t<div class=\"e-con-inner\">\n\t\t<div class=\"elementor-element elementor-element-bc9e28e e-flex e-con-boxed e-con e-child\" data-id=\"bc9e28e\" data-element_type=\"container\" data-e-type=\"container\">\n\t\t\t\t\t<div class=\"e-con-inner\">\n\t\t\t\t<div data-dce-text-color=\"#8D8D8D\" class=\"elementor-element elementor-element-4b7b9e2 elementor-widget elementor-widget-text-editor\" data-id=\"4b7b9e2\" data-element_type=\"widget\" data-e-type=\"widget\" data-widget_type=\"text-editor.default\">\n\t\t\t\t<div class=\"elementor-widget-container\">\n\t\t\t\t\t\t\t\t\t<p>Copyright Milan Royal Suites Milan Royal Suites marque d\u00e9pos\u00e9e de Sofi &amp; C. S.r.l. &#8211; Piazza della Repubblica, 12 &#8211; 20124 Milan<\/p>\n\t\t\t\t\t\t\t\t<\/div>\n\t\t\t\t<\/div>\n\t\t\t\t\t<\/div>\n\t\t\t\t<\/div>\n\t\t<div class=\"elementor-element elementor-element-811424e e-flex e-con-boxed e-con e-child\" data-id=\"811424e\" data-element_type=\"container\" data-e-type=\"container\">\n\t\t\t\t\t<div class=\"e-con-inner\">\n\t\t\t\t<div data-dce-text-color=\"#8D8D8D\" class=\"elementor-element elementor-element-a3be00d elementor-widget elementor-widget-text-editor\" data-id=\"a3be00d\" data-element_type=\"widget\" data-e-type=\"widget\" data-widget_type=\"text-editor.default\">\n\t\t\t\t<div class=\"elementor-widget-container\">\n\t\t\t\t\t\t\t\t\t<p>Num\u00e9ro de TVA : 07420890969 Iscr. Reg. Ip. de Milan REA MI1957841<\/p>\n\t\t\t\t\t\t\t\t<\/div>\n\t\t\t\t<\/div>\n\t\t\t\t\t<\/div>\n\t\t\t\t<\/div>\n\t\t<div class=\"elementor-element elementor-element-9ee5137 e-flex e-con-boxed e-con e-child\" data-id=\"9ee5137\" data-element_type=\"container\" data-e-type=\"container\">\n\t\t\t\t\t<div class=\"e-con-inner\">\n\t\t\t\t<div class=\"elementor-element elementor-element-25c71e3 e-grid-align-left elementor-shape-rounded elementor-grid-0 elementor-widget elementor-widget-social-icons\" data-id=\"25c71e3\" data-element_type=\"widget\" data-e-type=\"widget\" data-widget_type=\"social-icons.default\">\n\t\t\t\t<div class=\"elementor-widget-container\">\n\t\t\t\t\t\t\t<div class=\"elementor-social-icons-wrapper elementor-grid\" role=\"list\">\n\t\t\t\t\t\t\t<span class=\"elementor-grid-item\" role=\"listitem\">\n\t\t\t\t\t<a class=\"elementor-icon elementor-social-icon elementor-social-icon-facebook elementor-repeater-item-70645dd\" href=\"https:\/\/www.facebook.com\/MilanRoyalSuites\" target=\"_blank\">\n\t\t\t\t\t\t<span class=\"elementor-screen-only\">Facebook<\/span>\n\t\t\t\t\t\t<svg aria-hidden=\"true\" class=\"e-font-icon-svg e-fab-facebook\" viewBox=\"0 0 512 512\" xmlns=\"http:\/\/www.w3.org\/2000\/svg\"><path d=\"M504 256C504 119 393 8 256 8S8 119 8 256c0 123.78 90.69 226.38 209.25 245V327.69h-63V256h63v-54.64c0-62.15 37-96.48 93.67-96.48 27.14 0 55.52 4.84 55.52 4.84v61h-31.28c-30.8 0-40.41 19.12-40.41 38.73V256h68.78l-11 71.69h-57.78V501C413.31 482.38 504 379.78 504 256z\"><\/path><\/svg>\t\t\t\t\t<\/a>\n\t\t\t\t<\/span>\n\t\t\t\t\t\t\t<span class=\"elementor-grid-item\" role=\"listitem\">\n\t\t\t\t\t<a class=\"elementor-icon elementor-social-icon elementor-social-icon-instagram elementor-repeater-item-8d8d7ac\" href=\"https:\/\/www.instagram.com\/milanroyalsuites\/\" target=\"_blank\">\n\t\t\t\t\t\t<span class=\"elementor-screen-only\">Instagram<\/span>\n\t\t\t\t\t\t<svg aria-hidden=\"true\" class=\"e-font-icon-svg e-fab-instagram\" viewBox=\"0 0 448 512\" xmlns=\"http:\/\/www.w3.org\/2000\/svg\"><path d=\"M224.1 141c-63.6 0-114.9 51.3-114.9 114.9s51.3 114.9 114.9 114.9S339 319.5 339 255.9 287.7 141 224.1 141zm0 189.6c-41.1 0-74.7-33.5-74.7-74.7s33.5-74.7 74.7-74.7 74.7 33.5 74.7 74.7-33.6 74.7-74.7 74.7zm146.4-194.3c0 14.9-12 26.8-26.8 26.8-14.9 0-26.8-12-26.8-26.8s12-26.8 26.8-26.8 26.8 12 26.8 26.8zm76.1 27.2c-1.7-35.9-9.9-67.7-36.2-93.9-26.2-26.2-58-34.4-93.9-36.2-37-2.1-147.9-2.1-184.9 0-35.8 1.7-67.6 9.9-93.9 36.1s-34.4 58-36.2 93.9c-2.1 37-2.1 147.9 0 184.9 1.7 35.9 9.9 67.7 36.2 93.9s58 34.4 93.9 36.2c37 2.1 147.9 2.1 184.9 0 35.9-1.7 67.7-9.9 93.9-36.2 26.2-26.2 34.4-58 36.2-93.9 2.1-37 2.1-147.8 0-184.8zM398.8 388c-7.8 19.6-22.9 34.7-42.6 42.6-29.5 11.7-99.5 9-132.1 9s-102.7 2.6-132.1-9c-19.6-7.8-34.7-22.9-42.6-42.6-11.7-29.5-9-99.5-9-132.1s-2.6-102.7 9-132.1c7.8-19.6 22.9-34.7 42.6-42.6 29.5-11.7 99.5-9 132.1-9s102.7-2.6 132.1 9c19.6 7.8 34.7 22.9 42.6 42.6 11.7 29.5 9 99.5 9 132.1s2.7 102.7-9 132.1z\"><\/path><\/svg>\t\t\t\t\t<\/a>\n\t\t\t\t<\/span>\n\t\t\t\t\t<\/div>\n\t\t\t\t\t\t<\/div>\n\t\t\t\t<\/div>\n\t\t\t\t\t<\/div>\n\t\t\t\t<\/div>\n\t\t\t\t\t<\/div>\n\t\t\t\t<\/div>\n\t\t\t\t<\/div>\n\t\t\t\t<\/div>\n\t\t\t\t<\/div>\n\t\t","protected":false},"excerpt":{"rendered":"<p>Milan Royal Suites Piazza della Repubblica, 12 20124 Milan T\u00e9l. +39 02 39669431 Mobile +39 389 5288766info@milanroyalsuites.com Si vous ne trouvez pas votre suite dans la p\u00e9riode souhait\u00e9e, n&#8217;h\u00e9sitez pas \u00e0 nous contacter, nous sommes certains de pouvoir r\u00e9pondre \u00e0 vos souhaits. CONTACT FORM Spett.Le Sofi &#038; C. S.r.l., dopo aver letto attentamente l\u2019informativa alla privacy, ed avere compreso le&#8230;<\/p>\n","protected":false},"author":2,"featured_media":0,"parent":0,"menu_order":0,"comment_status":"closed","ping_status":"open","template":"elementor_header_footer","meta":{"_acf_changed":false,"footnotes":"","_links_to":"","_links_to_target":""},"class_list":["post-5214","page","type-page","status-publish","hentry"],"acf":[],"aioseo_notices":[],"_links":{"self":[{"href":"https:\/\/www.milanroyalsuites.com\/fr\/wp-json\/wp\/v2\/pages\/5214","targetHints":{"allow":["GET"]}}],"collection":[{"href":"https:\/\/www.milanroyalsuites.com\/fr\/wp-json\/wp\/v2\/pages"}],"about":[{"href":"https:\/\/www.milanroyalsuites.com\/fr\/wp-json\/wp\/v2\/types\/page"}],"author":[{"embeddable":true,"href":"https:\/\/www.milanroyalsuites.com\/fr\/wp-json\/wp\/v2\/users\/2"}],"replies":[{"embeddable":true,"href":"https:\/\/www.milanroyalsuites.com\/fr\/wp-json\/wp\/v2\/comments?post=5214"}],"version-history":[{"count":9,"href":"https:\/\/www.milanroyalsuites.com\/fr\/wp-json\/wp\/v2\/pages\/5214\/revisions"}],"predecessor-version":[{"id":8752,"href":"https:\/\/www.milanroyalsuites.com\/fr\/wp-json\/wp\/v2\/pages\/5214\/revisions\/8752"}],"wp:attachment":[{"href":"https:\/\/www.milanroyalsuites.com\/fr\/wp-json\/wp\/v2\/media?parent=5214"}],"curies":[{"name":"wp","href":"https:\/\/api.w.org\/{rel}","templated":true}]}}